{"id":12834,"date":"2019-03-24T20:14:30","date_gmt":"2019-03-24T19:14:30","guid":{"rendered":"http:\/\/www.utcardagger.at\/?page_id=12834"},"modified":"2022-01-04T19:22:48","modified_gmt":"2022-01-04T18:22:48","slug":"anleitung-onlinereservierung","status":"publish","type":"page","link":"https:\/\/utcardagger.at\/wordpress\/onlinereservierung\/anleitung-onlinereservierung\/","title":{"rendered":"Anleitung Onlinereservierung"},"content":{"rendered":"<h1>\u00dcbersicht<\/h1>\n<p>Eine Kurzbeschreibung zum Onlinebuchungssystem des UTC Ardagger. F\u00fcr weitere Informationen oder R\u00fcckfragen wendet euch <a href=\"https:\/\/reservierung.utcardagger.at\/kontaktliste\">HIER<\/a> an Gmeiner Benjamin oder einen anderen Ansprechpartner aus dem Vorstand.<\/p>\n<p>Ausprobieren: Ihr findet das Online-Buchungssystem unter <a href=\"https:\/\/reservierung.utcardagger.at\">reservierung.utcardagger.at<\/a><\/p>\n<p><img loading=\"lazy\" decoding=\"async\" width=\"1421\" height=\"838\" src=\"https:\/\/utcardagger.at\/wordpress\/wp-content\/uploads\/2019\/03\/word-image.png\" class=\"wp-image-12836\" srcset=\"https:\/\/utcardagger.at\/wordpress\/wp-content\/uploads\/2019\/03\/word-image.png 1421w, https:\/\/utcardagger.at\/wordpress\/wp-content\/uploads\/2019\/03\/word-image-300x177.png 300w, https:\/\/utcardagger.at\/wordpress\/wp-content\/uploads\/2019\/03\/word-image-768x453.png 768w, https:\/\/utcardagger.at\/wordpress\/wp-content\/uploads\/2019\/03\/word-image-1024x604.png 1024w\" sizes=\"auto, (max-width: 1421px) 100vw, 1421px\" \/><\/p>\n<p><a id=\"post-12834-_Toc522551269\"><\/a><a id=\"post-12834-_Toc522551307\"><\/a><a id=\"post-12834-_Toc522551956\"><\/a><br \/>\nNach reiflicher \u00dcberlegung haben wir uns dazu entschieden das eTennis System (<a href=\"https:\/\/www.etennis.at\/\">https:\/\/www.etennis.at\/<\/a>) einzusetzen, da es eine Vielzahl an Funktionen und Einstellungsm\u00f6glichkeiten sowie ein modernes und \u00fcbersichtliches User Interface bietet.<\/p>\n<h1>Anmeldung<\/h1>\n<p>Um das System nutzen zu k\u00f6nnen muss ein Benutzer angelegt werden.<\/p>\n<p><img loading=\"lazy\" decoding=\"async\" width=\"1560\" height=\"768\" src=\"https:\/\/utcardagger.at\/wordpress\/wp-content\/uploads\/2019\/03\/word-image-1.png\" class=\"wp-image-12837\" srcset=\"https:\/\/utcardagger.at\/wordpress\/wp-content\/uploads\/2019\/03\/word-image-1.png 1560w, https:\/\/utcardagger.at\/wordpress\/wp-content\/uploads\/2019\/03\/word-image-1-300x148.png 300w, https:\/\/utcardagger.at\/wordpress\/wp-content\/uploads\/2019\/03\/word-image-1-768x378.png 768w, https:\/\/utcardagger.at\/wordpress\/wp-content\/uploads\/2019\/03\/word-image-1-1024x504.png 1024w\" sizes=\"auto, (max-width: 1560px) 100vw, 1560px\" \/><\/p>\n<ol>\n<li><a href=\"https:\/\/reservierung.utcardagger.at\">https:\/\/reservierung.utcardagger.at<\/a> -&gt; Anmelden -&gt; Registrieren<br \/>\n<img loading=\"lazy\" decoding=\"async\" width=\"828\" height=\"532\" src=\"https:\/\/utcardagger.at\/wordpress\/wp-content\/uploads\/2019\/03\/word-image-2.png\" class=\"wp-image-12838\" srcset=\"https:\/\/utcardagger.at\/wordpress\/wp-content\/uploads\/2019\/03\/word-image-2.png 828w, https:\/\/utcardagger.at\/wordpress\/wp-content\/uploads\/2019\/03\/word-image-2-300x193.png 300w, https:\/\/utcardagger.at\/wordpress\/wp-content\/uploads\/2019\/03\/word-image-2-768x493.png 768w\" sizes=\"auto, (max-width: 828px) 100vw, 828px\" \/><\/li>\n<\/ol>\n<p><strong>Pflichtfelder<\/strong> bei der Anmeldung<\/p>\n<ol>\n<li>Vorname<\/li>\n<li>Nachname<\/li>\n<li>(optional aber empfohlen) E-Mail<\/li>\n<li>Benutzername<\/li>\n<li>Passwort<\/li>\n<\/ol>\n<p>Benachrichtigungen ausw\u00e4hlen (<strong>E-Mail<\/strong>)<\/p>\n<p>Wenn ihr die Anmeldung abgeschlossen habt werdet ihr automatisch in die Kategorie <strong>\u201eGastspieler\u201c<\/strong> zugewiesen. Als Gastspieler k\u00f6nnt ihr Einzelstunden kaufen und damit spielen.<\/p>\n<p>Mit Einzahlung des Mitgliedsbeitrags wird man automatisch in die Gruppe <strong>\u201eMitglieder\u201d<\/strong> verschoben, ab jetzt kann man kostenlos Stunden reservieren und spielen.<\/p>\n<p><strong>E-Mail:<\/strong> Da es nur mit <strong>eingetragener E-Mail<\/strong> m\u00f6glich ist ein vergessenes Passwort zur\u00fcckzusetzen und auch <strong>Benachrichtigungen \u00fcber E-Mail versendet werden<\/strong> empfehlen wir einen Account mit g\u00fcltiger E-Mail-Adresse anzulegen.<\/p>\n<p>&nbsp;<\/p>\n<p><strong>Wichtig f\u00fcr Eltern:<\/strong> Damit eure Kinder (oder ihr f\u00fcr eure Kinder) reservieren k\u00f6nnen, m\u00fcsst ihr pro Kind einen Account erstellen.<\/p>\n<h1>Mitgliedschaften<\/h1>\n<p>Die Preise der Mitgliedschaften bleiben unver\u00e4ndert, eine Mitgliedschaft berechtigt zur unbegrenzten Reservierung w\u00e4hrend der Sandplatzsaison auf den Sandpl\u00e4tzen 1-4.<\/p>\n<ul>\n<li>Sch\u00fcler: 29\u20ac<\/li>\n<li>Student \/ Jugendliche: 80\u20ac<\/li>\n<li>Erwachsene: 110 \u20ac<\/li>\n<li>Ehepaar: 155 \u20ac<\/li>\n<li>Familie: 180 \u20ac<\/li>\n<\/ul>\n<p>Einzelpreise (Preis pro Platzh\u00e4lfte):<\/p>\n<ul>\n<li>Einzelstunde: 5 \u20ac<\/li>\n<li>10er Block: 45 \u20ac<\/li>\n<\/ul>\n<h2>Einzahlung mittels \u00dcberweisung<\/h2>\n<p>Wie bisher k\u00f6nnt ihr den Mitgliedsbeitrag \u00fcber Online Banking \u00fcberweisen. Sobald eure \u00dcberweisung auf unserem Bankkonto angekommen ist schalten wir euch im Online Reservierungssystem frei. Es kann hier aber zu Wartezeiten kommen, da wir Einzahlungen auf unser Bankkonto nicht mehrmals t\u00e4glich \u00fcberpr\u00fcfen k\u00f6nnen.<\/p>\n<h2>Online Einzahlung \u00fcber SEPA Lastschrift<\/h2>\n<p>Ihr habt auch die M\u00f6glichkeit den Mitgliedsbeitrag direkt \u00fcber das Onlineportal mittels SEPA Lastschrift zu bezahlen. In diesem Fall werdet ihr automatisch sofort freigeschaltet und k\u00f6nnt Reservierungen vornehmen.<\/p>\n<p>Geht dazu auf \u201eReservierung -&gt; Mitgliedschaft\u201c und w\u00e4hlt die gew\u00fcnschte Variante aus. Falls ihr noch keine Kontodaten hinterlegt habt k\u00f6nnt ihr das unter dem Link \u201eJetzt Mandat erteilen\u201c erledigen.<\/p>\n<p><img loading=\"lazy\" decoding=\"async\" width=\"1171\" height=\"849\" src=\"https:\/\/utcardagger.at\/wordpress\/wp-content\/uploads\/2019\/03\/word-image-3.png\" class=\"wp-image-12839\" srcset=\"https:\/\/utcardagger.at\/wordpress\/wp-content\/uploads\/2019\/03\/word-image-3.png 1171w, https:\/\/utcardagger.at\/wordpress\/wp-content\/uploads\/2019\/03\/word-image-3-300x218.png 300w, https:\/\/utcardagger.at\/wordpress\/wp-content\/uploads\/2019\/03\/word-image-3-768x557.png 768w, https:\/\/utcardagger.at\/wordpress\/wp-content\/uploads\/2019\/03\/word-image-3-1024x742.png 1024w\" sizes=\"auto, (max-width: 1171px) 100vw, 1171px\" \/><\/p>\n<p>Falls ihr Ehepaar oder Familie ausw\u00e4hlt k\u00f6nnt ihr auch die weiteren Mitglieder f\u00fcr die die Mitgliedschaft gelten soll ausw\u00e4hlen.<\/p>\n<p><img loading=\"lazy\" decoding=\"async\" width=\"688\" height=\"615\" src=\"https:\/\/utcardagger.at\/wordpress\/wp-content\/uploads\/2019\/03\/word-image-4.png\" class=\"wp-image-12840\" srcset=\"https:\/\/utcardagger.at\/wordpress\/wp-content\/uploads\/2019\/03\/word-image-4.png 688w, https:\/\/utcardagger.at\/wordpress\/wp-content\/uploads\/2019\/03\/word-image-4-300x268.png 300w\" sizes=\"auto, (max-width: 688px) 100vw, 688px\" \/><\/p>\n<p><strong>Wir empfehlen SEPA Lastschrift:<\/strong> Mit Online-Zahlung werdet ihr sofort freigeschaltet, au\u00dferdem erleichtert es die Administration f\u00fcr den Vorstand.<\/p>\n<h1>Regeln bei der Platzbuchung<\/h1>\n<p>Als Mitglieder oder Gastspieler mit vorhandenem Guthaben k\u00f6nnt ihr am Tennisplatz reservieren. Damit alles fair bleibt gibt es einige Regeln wie und wann gebucht werden kann:<\/p>\n<ol>\n<li>Es kann immer nur <strong>eine Reservierung<\/strong> im Voraus gemacht werden<\/li>\n<li>Es kann maximal <strong>1 Woche<\/strong> im Voraus gebucht werden<\/li>\n<li>Die maximale Reservierungsdauer betr\u00e4gt <strong>1 Stunde f\u00fcr Einzel<\/strong> und <strong>2 Stunden f\u00fcr Doppel <\/strong>(Ausnahme: <strong>\u201ekurzfristige\u201c Reservierungen<\/strong>).<\/li>\n<li>F\u00fcr <strong>Forderungen<\/strong> k\u00f6nnen <strong>2 Stunden<\/strong> reserviert werden<\/li>\n<li>Mitspieler <strong>m\u00fcssen bei der Reservierung ausgew\u00e4hlt werden<\/strong>. Auch als Mitspieler kann keine zus\u00e4tzliche Reservierung get\u00e4tigt werden.<\/li>\n<li><strong>Kinder und Sch\u00fcler<\/strong> k\u00f6nnen in der Zeit von <strong>17:00 bis 20:00 nur kurzfristige <\/strong>Buchungen (1\/2 Stunde im Voraus) vornehmen<\/li>\n<\/ol>\n<h2>Nachbuchen<\/h2>\n<p>Prinzipiell ist nur eine Stunde Buchung f\u00fcr Einzelstunden und zwei Stunden f\u00fcr Doppelstunden im Vorhinein m\u00f6glich. Da viele Mitglieder manchmal auch l\u00e4nger spielen wollen, wenn Pl\u00e4tze frei sind, gibt es die M\u00f6glichkeit der Nachbuchung \u00fcber kurzfristige Reservierungen, eine halbe Stunde zuvor. Wenn eine halbe Stunde vor Spielende die darauffolgende Stunde noch nicht gebucht ist, kann nachgebucht werden.<\/p>\n<p>Beispiel:<\/p>\n<p>Mitglied 1 reserviert mit Mitglied 2 von 16:00 bis 17:00 auf Platz 1. Beide Mitglieder k\u00f6nnen nun keine Reservierungen mehr vornehmen. Beide treffen sich auf der Anlage und sehen dass Platz 1 von 17:00 bis 18:00 noch frei ist. Sie k\u00f6nnen um 16:30 die zweite Stunde buchen.<\/p>\n<h2>Gastspieler-Reservierung (2020 vorerst nicht m\u00f6glich wegen Covid19)<\/h2>\n<p>Gastspieler k\u00f6nnen Online (Kreditkarte oder Bankeinzug) oder Bar vor Ort Guthaben auf ihr Konto aufladen und mit diesem Guthaben Pl\u00e4tze reservieren (5\u20ac pro Platzh\u00e4lfte f\u00fcr eine Stunde, 10er Block f\u00fcr 45\u20ac).<\/p>\n<p>Als Mitspieler kann hierf\u00fcr entweder ein anderer Gastspieler oder der allgemeine \u201eUTC Gastspieler\u201c ausgew\u00e4hlt werden.<\/p>\n<p><img loading=\"lazy\" decoding=\"async\" width=\"948\" height=\"532\" src=\"https:\/\/utcardagger.at\/wordpress\/wp-content\/uploads\/2019\/03\/word-image-5.png\" class=\"wp-image-12841\" srcset=\"https:\/\/utcardagger.at\/wordpress\/wp-content\/uploads\/2019\/03\/word-image-5.png 948w, https:\/\/utcardagger.at\/wordpress\/wp-content\/uploads\/2019\/03\/word-image-5-300x168.png 300w, https:\/\/utcardagger.at\/wordpress\/wp-content\/uploads\/2019\/03\/word-image-5-768x431.png 768w\" sizes=\"auto, (max-width: 948px) 100vw, 948px\" \/><\/p>\n<h1>Forderungssystem<\/h1>\n<p>Auch das Forderungssystem wird seit 2019 \u00fcber die Onlineplattform abgehalten. Das Spielsystem ist hier wie zuvor ein Pyramidensystem. Es gibt je eine Forderungsliste f\u00fcr <strong>Herren<\/strong> und eine f\u00fcr <strong>Damen <\/strong>sowie im Laufe des Jahres 2020 eine<strong> Touchtennis Forderungsliste.<br \/>\n<\/strong><br \/>\nDie folgenden Regeln gelten f\u00fcr Forderungsspiele:<strong><br \/>\n<\/strong><\/p>\n<ul>\n<li>Gefordert werden kann jeder Spieler in derselben Reihe links oder in der Reihe dar\u00fcber rechts.<\/li>\n<li>Forderungen m\u00fcssen innerhalb von 14 Tagen ausgespielt werden, danach werden sie gel\u00f6scht.<\/li>\n<li>F\u00fcr Forderungen k\u00f6nnen 2 Stunden vorreserviert werden<\/li>\n<\/ul>\n<h1>Buchungen\/Forderungen am Platz<\/h1>\n<p>Am einfachsten und bequemsten ist die Reservierung zu Hause am PC oder am Smartphone. Es gibt aber auch direkt im Vereinshaus einen PC mit Touchscreen an dem die Reservierungen angezeigt werden und direkt vor Ort get\u00e4tigt werden k\u00f6nnen.<\/p>\n<h1>Fragen und Feedback<\/h1>\n<p>Wir bitten alle Mitglieder bei Unklarheiten \u00a0mit Gmeiner Benjamin oder einem Mitglied des Vorstands <a href=\"https:\/\/reservierung.utcardagger.at\/kontaktliste\">Kontakt<\/a> aufzunehmen.<\/p>\n<p>E-Mail Kontakt: vorstand@utcardagger.at<\/p>\n","protected":false},"excerpt":{"rendered":"<p>\u00dcbersicht Eine Kurzbeschreibung zum Onlinebuchungssystem des UTC Ardagger. F\u00fcr weitere Informationen oder R\u00fcckfragen wendet euch HIER an Gmeiner Benjamin oder einen anderen Ansprechpartner aus dem Vorstand. Ausprobieren: Ihr findet das Online-Buchungssystem unter reservierung.utcardagger.at Nach reiflicher \u00dcberlegung haben wir uns dazu entschieden das eTennis System (https:\/\/www.etennis.at\/) einzusetzen, da es eine Vielzahl [&hellip;]<\/p>\n","protected":false},"author":1,"featured_media":0,"parent":12850,"menu_order":0,"comment_status":"closed","ping_status":"closed","template":"","meta":{"_acf_changed":false,"footnotes":""},"class_list":["post-12834","page","type-page","status-publish","hentry"],"acf":[],"_links":{"self":[{"href":"https:\/\/utcardagger.at\/wordpress\/wp-json\/wp\/v2\/pages\/12834","targetHints":{"allow":["GET"]}}],"collection":[{"href":"https:\/\/utcardagger.at\/wordpress\/wp-json\/wp\/v2\/pages"}],"about":[{"href":"https:\/\/utcardagger.at\/wordpress\/wp-json\/wp\/v2\/types\/page"}],"author":[{"embeddable":true,"href":"https:\/\/utcardagger.at\/wordpress\/wp-json\/wp\/v2\/users\/1"}],"replies":[{"embeddable":true,"href":"https:\/\/utcardagger.at\/wordpress\/wp-json\/wp\/v2\/comments?post=12834"}],"version-history":[{"count":16,"href":"https:\/\/utcardagger.at\/wordpress\/wp-json\/wp\/v2\/pages\/12834\/revisions"}],"predecessor-version":[{"id":13056,"href":"https:\/\/utcardagger.at\/wordpress\/wp-json\/wp\/v2\/pages\/12834\/revisions\/13056"}],"up":[{"embeddable":true,"href":"https:\/\/utcardagger.at\/wordpress\/wp-json\/wp\/v2\/pages\/12850"}],"wp:attachment":[{"href":"https:\/\/utcardagger.at\/wordpress\/wp-json\/wp\/v2\/media?parent=12834"}],"curies":[{"name":"wp","href":"https:\/\/api.w.org\/{rel}","templated":true}]}}