{"id":1897,"date":"2016-02-14T11:41:23","date_gmt":"2016-02-14T10:41:23","guid":{"rendered":"http:\/\/new.utcardagger.at\/wordpress\/?page_id=1897"},"modified":"2020-04-20T09:09:48","modified_gmt":"2020-04-20T08:09:48","slug":"anfahrt","status":"publish","type":"page","link":"https:\/\/utcardagger.at\/wordpress\/verein\/anfahrt\/","title":{"rendered":"Anfahrt"},"content":{"rendered":"<h2>Von Grein kommend<\/h2>\n<ul>\n<li>Die Donaubr\u00fccke Grein-Tiefenbach \u00fcberqueren<\/li>\n<li>Dem Verlauf der B119 (Greiner-Bundesstra\u00dfe) folgen<\/li>\n<li>Vorbei fahren an Ardagger Markt (linke Seite)<\/li>\n<li>Nach der Autowerkstadt Ferinand Jandl (linke Seite) rechts einbiegen um zu den Tennisanlagen des UTC Ardagger zu gelangen<\/li>\n<\/ul>\n<h2><\/h2>\n<h2>Von Autobahn (Ausfahrt Amstetten West) kommend<\/h2>\n<ul>\n<li>Von der A1 abfahren bei Amstetten West.<\/li>\n<li>Dritte Ausfahrt im Kreisverkehr (Richtung Amstetten, Grein).<\/li>\n<li>Nach dem \u00d6AMTC links abbiegen (Richtung Grein, Ardagger).<\/li>\n<li>Auf der B119 bleiben, vorbei an der Einfahrt Ardagger Stift (linke Seite) und der Volkschule Ardagger (rechte Seite) und der Einfahrt<\/li>\n<li>Fu\u00dfballplatz Ardagger (linke Seite).<\/li>\n<li>Die n\u00e4chste Abbiegung links nach dem Fu\u00dfballplatz Ardagger (linke Seite) f\u00fchrt zu den Tennisanlagen des UTC Ardagger.<\/li>\n<\/ul>\n<h2><\/h2>\n<h2>Mit dem Navi:<\/h2>\n<p>Bach 26, 3321 Ardagger<br \/>\nArdagger Stift<\/p>\n<p>&nbsp;<\/p>\n<p>L\u00e4nge: 48.170733 (+48\u00b0 10&#8242; 14,64&#8220;)<br \/>\nBreite: 14,836145 (+14\u00b0 50&#8242; 10,12&#8220;)<\/p>\n<div class=\"sp-key code\"><\/div>\n<div class=\"sp-key code\"><\/div>\n","protected":false},"excerpt":{"rendered":"<p>Von Grein kommend Die Donaubr\u00fccke Grein-Tiefenbach \u00fcberqueren Dem Verlauf der B119 (Greiner-Bundesstra\u00dfe) folgen Vorbei fahren an Ardagger Markt (linke Seite) Nach der Autowerkstadt Ferinand Jandl (linke Seite) rechts einbiegen um zu den Tennisanlagen des UTC Ardagger zu gelangen Von Autobahn (Ausfahrt Amstetten West) kommend Von der A1 abfahren bei Amstetten [&hellip;]<\/p>\n","protected":false},"author":1,"featured_media":0,"parent":1965,"menu_order":0,"comment_status":"closed","ping_status":"closed","template":"","meta":{"_acf_changed":false,"footnotes":""},"class_list":["post-1897","page","type-page","status-publish","hentry"],"acf":[],"_links":{"self":[{"href":"https:\/\/utcardagger.at\/wordpress\/wp-json\/wp\/v2\/pages\/1897","targetHints":{"allow":["GET"]}}],"collection":[{"href":"https:\/\/utcardagger.at\/wordpress\/wp-json\/wp\/v2\/pages"}],"about":[{"href":"https:\/\/utcardagger.at\/wordpress\/wp-json\/wp\/v2\/types\/page"}],"author":[{"embeddable":true,"href":"https:\/\/utcardagger.at\/wordpress\/wp-json\/wp\/v2\/users\/1"}],"replies":[{"embeddable":true,"href":"https:\/\/utcardagger.at\/wordpress\/wp-json\/wp\/v2\/comments?post=1897"}],"version-history":[{"count":8,"href":"https:\/\/utcardagger.at\/wordpress\/wp-json\/wp\/v2\/pages\/1897\/revisions"}],"predecessor-version":[{"id":12976,"href":"https:\/\/utcardagger.at\/wordpress\/wp-json\/wp\/v2\/pages\/1897\/revisions\/12976"}],"up":[{"embeddable":true,"href":"https:\/\/utcardagger.at\/wordpress\/wp-json\/wp\/v2\/pages\/1965"}],"wp:attachment":[{"href":"https:\/\/utcardagger.at\/wordpress\/wp-json\/wp\/v2\/media?parent=1897"}],"curies":[{"name":"wp","href":"https:\/\/api.w.org\/{rel}","templated":true}]}}