{"id":1995,"date":"2016-02-15T21:53:44","date_gmt":"2016-02-15T21:53:44","guid":{"rendered":"http:\/\/new.utcardagger.at\/wordpress\/?page_id=1995"},"modified":"2024-06-13T21:36:36","modified_gmt":"2024-06-13T20:36:36","slug":"beitritt","status":"publish","type":"page","link":"https:\/\/utcardagger.at\/wordpress\/verein\/beitritt\/","title":{"rendered":"Beitritt"},"content":{"rendered":"<p><em><strong>aktuelle Mitgliedsbeitr\u00e4ge:<\/strong><\/em><\/p>\n<ul>\n<li>Sch\u00fcler: \u20ac 35,-<\/li>\n<li>Jugendlicher\/Student: \u20ac 90,-<\/li>\n<li>Erwachsener: \u20ac 140,-<\/li>\n<li>Ehepaar: \u20ac 200,-<\/li>\n<li>Familie: \u20ac 230,-<\/li>\n<\/ul>\n<p><em><strong>keine Einschreibgeb\u00fchr!<\/strong><\/em><\/p>\n<p>Falls ihr noch nicht angemeldet seid, k\u00f6nnt ihr euch ganz einfach \u00fcber das Online Reservierungssystem <a href=\"http:\/\/reservierung.utcardagger.at\">eTennis<\/a> einen Benutzer erstellen <a href=\"https:\/\/www.utcardagger.at\/onlinereservierung\/anleitung-onlinereservierung\/\">(Anleitung)<\/a> und den Mitgliedsbeitrag per SEPALastschrift oder per Kredikarte einzahlen! Nat\u00fcrlich funktioniert es auch weiterhin mittels Bank\u00fcberweisung.<\/p>\n<p>&nbsp;<\/p>\n","protected":false},"excerpt":{"rendered":"<p>aktuelle Mitgliedsbeitr\u00e4ge: Sch\u00fcler: \u20ac 35,- Jugendlicher\/Student: \u20ac 90,- Erwachsener: \u20ac 140,- Ehepaar: \u20ac 200,- Familie: \u20ac 230,- keine Einschreibgeb\u00fchr! Falls ihr noch nicht angemeldet seid, k\u00f6nnt ihr euch ganz einfach \u00fcber das Online Reservierungssystem eTennis einen Benutzer erstellen (Anleitung) und den Mitgliedsbeitrag per SEPALastschrift oder per Kredikarte einzahlen! Nat\u00fcrlich funktioniert [&hellip;]<\/p>\n","protected":false},"author":1,"featured_media":0,"parent":1965,"menu_order":0,"comment_status":"closed","ping_status":"closed","template":"","meta":{"_acf_changed":false,"footnotes":""},"class_list":["post-1995","page","type-page","status-publish","hentry"],"acf":[],"_links":{"self":[{"href":"https:\/\/utcardagger.at\/wordpress\/wp-json\/wp\/v2\/pages\/1995","targetHints":{"allow":["GET"]}}],"collection":[{"href":"https:\/\/utcardagger.at\/wordpress\/wp-json\/wp\/v2\/pages"}],"about":[{"href":"https:\/\/utcardagger.at\/wordpress\/wp-json\/wp\/v2\/types\/page"}],"author":[{"embeddable":true,"href":"https:\/\/utcardagger.at\/wordpress\/wp-json\/wp\/v2\/users\/1"}],"replies":[{"embeddable":true,"href":"https:\/\/utcardagger.at\/wordpress\/wp-json\/wp\/v2\/comments?post=1995"}],"version-history":[{"count":13,"href":"https:\/\/utcardagger.at\/wordpress\/wp-json\/wp\/v2\/pages\/1995\/revisions"}],"predecessor-version":[{"id":13073,"href":"https:\/\/utcardagger.at\/wordpress\/wp-json\/wp\/v2\/pages\/1995\/revisions\/13073"}],"up":[{"embeddable":true,"href":"https:\/\/utcardagger.at\/wordpress\/wp-json\/wp\/v2\/pages\/1965"}],"wp:attachment":[{"href":"https:\/\/utcardagger.at\/wordpress\/wp-json\/wp\/v2\/media?parent=1995"}],"curies":[{"name":"wp","href":"https:\/\/api.w.org\/{rel}","templated":true}]}}